{"id":10514,"date":"2018-10-05T09:49:00","date_gmt":"2018-10-05T09:49:00","guid":{"rendered":"https:\/\/ferretticorp.com\/?post_type=product&#038;p=10514"},"modified":"2021-08-13T20:36:20","modified_gmt":"2021-08-13T20:36:20","slug":"holland-zero-plus-cocina-de-2-funciones-al-mueble","status":"publish","type":"product","link":"https:\/\/ferretticorp.com\/en\/productos\/holland-zero-plus-cocina-de-2-funciones-al-mueble\/","title":{"rendered":"Holland Zero Plus Cocina de dos Funciones con pico extra\u00edble de Jebe Negro"},"content":{"rendered":"","protected":false},"excerpt":{"rendered":"<p>Grifer\u00eda de dos funciones con pico extra\u00edble de jebe negro con acabado satinado, elaborado con acero inoxidable T-304, con disco cer\u00e1mico de alto rendimiento.<\/p>\n<div class=\"panel-descargas\"><button class=\"descarga-ficha\">Ficha de producto<\/button><button class=\"descarga-ficha\">Instalaci\u00f3n<\/button><a href=\"https:\/\/shop.ferrettistore.com\/wp-content\/uploads\/2018\/05\/GARANTIA-GRIFERIAS-DE-COCINA-FERRETTI.pdf\" target=\"_blank\" rel=\"noopener noreferrer\"><button class=\"descarga-ficha\">Garant\u00eda Ferretti<\/button><\/a><a href=\"https:\/\/shop.ferrettistore.com\/wp-content\/uploads\/2018\/05\/CONDICIONES-ADECUADAS-DE-USO-Y-MANTENIMIENTO-GRIFERIAS-DE-ACERO-INOXIDABLE.pdf\"><button class=\"descarga-ficha\">Uso y manteniento<\/button><\/a><\/div>","protected":false},"featured_media":14227,"template":"","meta":{"inline_featured_image":false,"_themeisle_gutenberg_block_has_review":false},"product_cat":[18,155,179],"product_tag":[157,158,159],"class_list":{"0":"post-10514","1":"product","2":"type-product","3":"status-publish","4":"has-post-thumbnail","6":"product_cat-cocina","7":"product_cat-griferias-de-cocina","8":"product_cat-monocomando-griferias","9":"product_tag-cocina","10":"product_tag-fa14923","11":"product_tag-griferia","12":"post-wrapper","14":"first","15":"instock","16":"shipping-taxable","17":"purchasable","18":"product-type-simple"},"_links":{"self":[{"href":"https:\/\/ferretticorp.com\/en\/wp-json\/wp\/v2\/product\/10514","targetHints":{"allow":["GET"]}}],"collection":[{"href":"https:\/\/ferretticorp.com\/en\/wp-json\/wp\/v2\/product"}],"about":[{"href":"https:\/\/ferretticorp.com\/en\/wp-json\/wp\/v2\/types\/product"}],"wp:featuredmedia":[{"embeddable":true,"href":"https:\/\/ferretticorp.com\/en\/wp-json\/wp\/v2\/media\/14227"}],"wp:attachment":[{"href":"https:\/\/ferretticorp.com\/en\/wp-json\/wp\/v2\/media?parent=10514"}],"wp:term":[{"taxonomy":"product_cat","embeddable":true,"href":"https:\/\/ferretticorp.com\/en\/wp-json\/wp\/v2\/product_cat?post=10514"},{"taxonomy":"product_tag","embeddable":true,"href":"https:\/\/ferretticorp.com\/en\/wp-json\/wp\/v2\/product_tag?post=10514"}],"curies":[{"name":"wp","href":"https:\/\/api.w.org\/{rel}","templated":true}]}}