{"id":10882,"date":"1970-01-01T00:00:00","date_gmt":"1970-01-01T00:00:00","guid":{"rendered":"https:\/\/ferretticorp.com\/?post_type=product&#038;p=10882"},"modified":"2021-08-13T20:38:39","modified_gmt":"2021-08-13T20:38:39","slug":"verona-plus-cocina-agua-fria-a-la-pared","status":"publish","type":"product","link":"https:\/\/ferretticorp.com\/en\/productos\/verona-plus-cocina-agua-fria-a-la-pared\/","title":{"rendered":"Verona Plus Cocina agua fr\u00eda a la pared"},"content":{"rendered":"","protected":false},"excerpt":{"rendered":"<p>Grifer\u00eda Plus Ferretti fabricada con bronce pesado para m\u00e1xima duraci\u00f3n, con un pr\u00e1ctico dise\u00f1o de palanca para f\u00e1cil control de flujo.<\/p>\n<div class=\"panel-descargas\"><button class=\"descarga-ficha\">Ficha de producto<\/button><button class=\"descarga-ficha\">Instalaci\u00f3n<\/button><a href=\"https:\/\/shop.ferrettistore.com\/wp-content\/uploads\/2018\/05\/GARANTIA-GRIFERIAS-DE-COCINA-FERRETTI.pdf\" target=\"_blank\" rel=\"noopener noreferrer\"><button class=\"descarga-ficha\">Garant\u00eda Ferretti<\/button><\/a><a href=\"https:\/\/shop.ferrettistore.com\/wp-content\/uploads\/2018\/05\/CONDICIONES-ADECUADAS-DE-USO-Y-MANTENIMIENTO-GRIFERIAS-CROMADAS-Y-NEGRAS-FERRETTI.pdf\" target=\"_blank\" rel=\"noopener noreferrer\"><button class=\"descarga-ficha\">Uso y manteniento<\/button><\/a><\/div>","protected":false},"featured_media":14264,"template":"","meta":{"inline_featured_image":false,"_themeisle_gutenberg_block_has_review":false},"product_cat":[180,18,155],"product_tag":[157,173,159],"class_list":{"0":"post-10882","1":"product","2":"type-product","3":"status-publish","4":"has-post-thumbnail","6":"product_cat-agua-fria-griferias","7":"product_cat-cocina","8":"product_cat-griferias-de-cocina","9":"product_tag-cocina","10":"product_tag-fa7637","11":"product_tag-griferia","12":"post-wrapper","14":"first","15":"instock","16":"shipping-taxable","17":"purchasable","18":"product-type-simple"},"_links":{"self":[{"href":"https:\/\/ferretticorp.com\/en\/wp-json\/wp\/v2\/product\/10882","targetHints":{"allow":["GET"]}}],"collection":[{"href":"https:\/\/ferretticorp.com\/en\/wp-json\/wp\/v2\/product"}],"about":[{"href":"https:\/\/ferretticorp.com\/en\/wp-json\/wp\/v2\/types\/product"}],"wp:featuredmedia":[{"embeddable":true,"href":"https:\/\/ferretticorp.com\/en\/wp-json\/wp\/v2\/media\/14264"}],"wp:attachment":[{"href":"https:\/\/ferretticorp.com\/en\/wp-json\/wp\/v2\/media?parent=10882"}],"wp:term":[{"taxonomy":"product_cat","embeddable":true,"href":"https:\/\/ferretticorp.com\/en\/wp-json\/wp\/v2\/product_cat?post=10882"},{"taxonomy":"product_tag","embeddable":true,"href":"https:\/\/ferretticorp.com\/en\/wp-json\/wp\/v2\/product_tag?post=10882"}],"curies":[{"name":"wp","href":"https:\/\/api.w.org\/{rel}","templated":true}]}}