{"id":11119,"date":"1970-01-01T00:00:00","date_gmt":"1970-01-01T00:00:00","guid":{"rendered":"https:\/\/ferretticorp.com\/?post_type=product&#038;p=11119"},"modified":"2021-08-23T20:04:04","modified_gmt":"2021-08-23T20:04:04","slug":"stixx-signature-porta-papel-higienico-simple-mod-3","status":"publish","type":"product","link":"https:\/\/ferretticorp.com\/en\/productos\/stixx-signature-porta-papel-higienico-simple-mod-3\/","title":{"rendered":"Porta Papel Higi\u00e9nico Simple Stixx Signature MOD.3"},"content":{"rendered":"","protected":false},"excerpt":{"rendered":"<p>Accesorio de ba\u00f1o elaborado con bronce pesado para m\u00e1xima duraci\u00f3n, incluye componentes de instalaci\u00f3n.<\/p>\n<div class=\"panel-descargas\"><button class=\"descarga-ficha\">Ficha de producto<\/button><button class=\"descarga-ficha\">Instalaci\u00f3n<\/button><a href=\"https:\/\/ferretticorp.com\/en\/documentos\/Garantia-accesorios-bano-ferretti.pdf\/\" target=\"_blank\" rel=\"noopener noreferrer\"><button class=\"descarga-ficha\">Garant\u00eda Ferretti<\/button><\/a><a href=\"https:\/\/ferretticorp.com\/en\/documentos\/CONDICIONES-ADECUADAS-DE-USO-Y-MANTENIMIENTO-ACCESORIOS-Y-COMPLEMENTOS-FERRETTI.pdf\/\" target=\"_blank\" rel=\"noopener noreferrer\"><button class=\"descarga-ficha\">Uso y mantenimiento<\/button><\/a><\/div>","protected":false},"featured_media":16080,"template":"","meta":{"inline_featured_image":false,"_themeisle_gutenberg_block_has_review":false},"product_cat":[25,17,60],"product_tag":[142,268,149],"class_list":{"0":"post-11119","1":"product","2":"type-product","3":"status-publish","4":"has-post-thumbnail","6":"product_cat-accesorios-de-bano","7":"product_cat-bano","8":"product_cat-porta-papel","9":"product_tag-accesorios-de-bano","10":"product_tag-fa2460","11":"product_tag-porta-papel","12":"pa_colecciones-stixx","13":"post-wrapper","15":"first","16":"instock","17":"shipping-taxable","18":"purchasable","19":"product-type-simple"},"_links":{"self":[{"href":"https:\/\/ferretticorp.com\/en\/wp-json\/wp\/v2\/product\/11119","targetHints":{"allow":["GET"]}}],"collection":[{"href":"https:\/\/ferretticorp.com\/en\/wp-json\/wp\/v2\/product"}],"about":[{"href":"https:\/\/ferretticorp.com\/en\/wp-json\/wp\/v2\/types\/product"}],"wp:featuredmedia":[{"embeddable":true,"href":"https:\/\/ferretticorp.com\/en\/wp-json\/wp\/v2\/media\/16080"}],"wp:attachment":[{"href":"https:\/\/ferretticorp.com\/en\/wp-json\/wp\/v2\/media?parent=11119"}],"wp:term":[{"taxonomy":"product_cat","embeddable":true,"href":"https:\/\/ferretticorp.com\/en\/wp-json\/wp\/v2\/product_cat?post=11119"},{"taxonomy":"product_tag","embeddable":true,"href":"https:\/\/ferretticorp.com\/en\/wp-json\/wp\/v2\/product_tag?post=11119"}],"curies":[{"name":"wp","href":"https:\/\/api.w.org\/{rel}","templated":true}]}}