{"id":11453,"date":"1970-01-01T00:00:00","date_gmt":"1970-01-01T00:00:00","guid":{"rendered":"https:\/\/ferretticorp.com\/?post_type=product&#038;p=11453"},"modified":"2021-08-24T02:23:03","modified_gmt":"2021-08-24T02:23:03","slug":"chrommium-plus-lavatorio-agua-fria-a-la-pared","status":"publish","type":"product","link":"https:\/\/ferretticorp.com\/en\/productos\/chrommium-plus-lavatorio-agua-fria-a-la-pared\/","title":{"rendered":"Chrommium Agua Fr\u00eda Lavatorio a la Pared Plus"},"content":{"rendered":"","protected":false},"excerpt":{"rendered":"<p>Grifer\u00eda Ferretti elaborada en bronce pesado para m\u00e1xima duraci\u00f3n y con un acabado cromado de m\u00e1xima calidad.<\/p>\n<div class=\"panel-descargas\"><a href=\"https:\/\/ferrettistore.com\/documentos\/fichas-tecnicas\/bano\/griferias\/FA7293-CHROMMIUM-PLUS-LAVATORIO-AGUA-FRIA-A-LA-PARED-FERRETTI.pdf\" target=\"_blank\" rel=\"noopener noreferrer\"><button class=\"descarga-ficha\">Ficha de producto<\/button><\/a><a href=\"https:\/\/ferrettistore.com\/documentos\/instalacion\/bano\/griferia\/FA7293-Chrommium-plus-lavatorio-agua-fria-a-la-pared.pdf\" target=\"_blank\" rel=\"noopener noreferrer\"><button class=\"descarga-ficha\">Instalaci\u00f3n<\/button><\/a><a href=\"http:\/\/ferrettistore.com\/documentos\/Garantia-griferias-bano-ferretti.pdf\" target=\"_blank\" rel=\"noopener noreferrer\"><button class=\"descarga-ficha\">Garant\u00eda Ferretti<\/button><\/a><button class=\"descarga-ficha\">Uso y mantenimiento<\/button><\/div>","protected":false},"featured_media":16945,"template":"","meta":{"inline_featured_image":false,"_themeisle_gutenberg_block_has_review":false},"product_cat":[42,17,19],"product_tag":[453],"class_list":{"0":"post-11453","1":"product","2":"type-product","3":"status-publish","4":"has-post-thumbnail","6":"product_cat-agua-fria","7":"product_cat-bano","8":"product_cat-griferias-de-bano","9":"product_tag-fa7293","10":"pa_colecciones-chrommium","11":"post-wrapper","13":"first","14":"instock","15":"shipping-taxable","16":"purchasable","17":"product-type-simple"},"_links":{"self":[{"href":"https:\/\/ferretticorp.com\/en\/wp-json\/wp\/v2\/product\/11453","targetHints":{"allow":["GET"]}}],"collection":[{"href":"https:\/\/ferretticorp.com\/en\/wp-json\/wp\/v2\/product"}],"about":[{"href":"https:\/\/ferretticorp.com\/en\/wp-json\/wp\/v2\/types\/product"}],"wp:featuredmedia":[{"embeddable":true,"href":"https:\/\/ferretticorp.com\/en\/wp-json\/wp\/v2\/media\/16945"}],"wp:attachment":[{"href":"https:\/\/ferretticorp.com\/en\/wp-json\/wp\/v2\/media?parent=11453"}],"wp:term":[{"taxonomy":"product_cat","embeddable":true,"href":"https:\/\/ferretticorp.com\/en\/wp-json\/wp\/v2\/product_cat?post=11453"},{"taxonomy":"product_tag","embeddable":true,"href":"https:\/\/ferretticorp.com\/en\/wp-json\/wp\/v2\/product_tag?post=11453"}],"curies":[{"name":"wp","href":"https:\/\/api.w.org\/{rel}","templated":true}]}}