{"id":11815,"date":"2018-11-07T21:06:00","date_gmt":"2018-11-07T21:06:00","guid":{"rendered":"https:\/\/ferretticorp.com\/?post_type=product&#038;p=11815"},"modified":"2021-08-24T02:23:08","modified_gmt":"2021-08-24T02:23:08","slug":"milano-plus-lavatorio-bajo-de-agua-fria-al-mueble-ferretti","status":"publish","type":"product","link":"https:\/\/ferretticorp.com\/en\/productos\/milano-plus-lavatorio-bajo-de-agua-fria-al-mueble-ferretti\/","title":{"rendered":"Milano Plus Lavatorio Bajo de Agua Fr\u00eda al Mueble"},"content":{"rendered":"","protected":false},"excerpt":{"rendered":"<p>Grifer\u00eda Ferretti elaborado en bronce pesado para m\u00e1xima duraci\u00f3n y con un acabado cromado de m\u00e1xima calidad.<\/p>\n<div class=\"panel-descargas\"><a href=\"https:\/\/ferrettistore.com\/documentos\/fichas-tecnicas\/bano\/griferias\/FA7831-MILANO-PLUS-LAVATORIO-BAJO-AGUA-FRIA-AL-MUEBLE-FERRETTI.pdf\" target=\"_blank\" rel=\"noopener noreferrer\"><button class=\"descarga-ficha\">Ficha de producto<\/button><\/a><a href=\"https:\/\/ferrettistore.com\/documentos\/instalacion\/bano\/griferia\/FA7831-milano-plus-lavatorio-bajo-agua-fria-al-mueble.pdf\" target=\"_blank\" rel=\"noopener noreferrer\"><button class=\"descarga-ficha\">Instalaci\u00f3n<\/button><\/a><a href=\"http:\/\/ferrettistore.com\/documentos\/Garantia-griferias-bano-ferretti.pdf\" target=\"_blank\" rel=\"noopener noreferrer\"><button class=\"descarga-ficha\">Garant\u00eda Ferretti<\/button><\/a><a href=\"https:\/\/shop.ferrettistore.com\/wp-content\/uploads\/2018\/05\/CONDICIONES-ADECUADAS-DE-USO-Y-MANTENIMIENTO-GRIFERIAS-CROMADAS-Y-NEGRAS-FERRETTI.pdf\" target=\"_blank\" rel=\"noopener noreferrer\"><button class=\"descarga-ficha\">Uso y mantenimiento<\/button><\/a><\/div>","protected":false},"featured_media":16961,"template":"","meta":{"inline_featured_image":false,"_themeisle_gutenberg_block_has_review":false},"product_cat":[17,19,43],"product_tag":[458],"class_list":{"0":"post-11815","1":"product","2":"type-product","3":"status-publish","4":"has-post-thumbnail","6":"product_cat-bano","7":"product_cat-griferias-de-bano","8":"product_cat-mezcladora","9":"product_tag-fa7831","10":"pa_colecciones-milano","11":"post-wrapper","13":"first","14":"instock","15":"shipping-taxable","16":"purchasable","17":"product-type-simple"},"_links":{"self":[{"href":"https:\/\/ferretticorp.com\/en\/wp-json\/wp\/v2\/product\/11815","targetHints":{"allow":["GET"]}}],"collection":[{"href":"https:\/\/ferretticorp.com\/en\/wp-json\/wp\/v2\/product"}],"about":[{"href":"https:\/\/ferretticorp.com\/en\/wp-json\/wp\/v2\/types\/product"}],"wp:featuredmedia":[{"embeddable":true,"href":"https:\/\/ferretticorp.com\/en\/wp-json\/wp\/v2\/media\/16961"}],"wp:attachment":[{"href":"https:\/\/ferretticorp.com\/en\/wp-json\/wp\/v2\/media?parent=11815"}],"wp:term":[{"taxonomy":"product_cat","embeddable":true,"href":"https:\/\/ferretticorp.com\/en\/wp-json\/wp\/v2\/product_cat?post=11815"},{"taxonomy":"product_tag","embeddable":true,"href":"https:\/\/ferretticorp.com\/en\/wp-json\/wp\/v2\/product_tag?post=11815"}],"curies":[{"name":"wp","href":"https:\/\/api.w.org\/{rel}","templated":true}]}}