{"id":12196,"date":"1970-01-01T00:00:00","date_gmt":"1970-01-01T00:00:00","guid":{"rendered":"https:\/\/ferretticorp.com\/?post_type=product&#038;p=12196"},"modified":"2021-08-23T20:07:34","modified_gmt":"2021-08-23T20:07:34","slug":"hermes-signature-perchero","status":"publish","type":"product","link":"https:\/\/ferretticorp.com\/en\/productos\/hermes-signature-perchero\/","title":{"rendered":"Perchero Hermes Signature"},"content":{"rendered":"","protected":false},"excerpt":{"rendered":"<p>Perchero elaborado con bronce pesado para m\u00e1xima duraci\u00f3n, incluye componentes de instalaci\u00f3n.<\/p>\n<div class=\"panel-descargas\"><a href=\"https:\/\/ferretticorp.com\/en\/documentos\/fichas-tecnicas\/bano\/accesorios\/FA2313-HERMES-SIGNATURE-PERCHERO-SIMPLE-FERRETTI.pdf\/\" target=\"_blank\" rel=\"noopener noreferrer\"><button class=\"descarga-ficha\">Ficha de producto<\/button><\/a><button class=\"descarga-ficha\">Instalaci\u00f3n<\/button><a href=\"https:\/\/ferretticorp.com\/en\/documentos\/Garantia-accesorios-bano-ferretti.pdf\/\" target=\"_blank\" rel=\"noopener noreferrer\"><button class=\"descarga-ficha\">Garant\u00eda Ferretti<\/button><\/a><a href=\"https:\/\/ferretticorp.com\/en\/documentos\/CONDICIONES-ADECUADAS-DE-USO-Y-MANTENIMIENTO-ACCESORIOS-Y-COMPLEMENTOS-FERRETTI.pdf\/\" target=\"_blank\" rel=\"noopener noreferrer\"><button class=\"descarga-ficha\">Uso y mantenimiento<\/button><\/a><\/div>","protected":false},"featured_media":16180,"template":"","meta":{"inline_featured_image":false,"_themeisle_gutenberg_block_has_review":false},"product_cat":[25,17,56],"product_tag":[142,308,145],"class_list":{"0":"post-12196","1":"product","2":"type-product","3":"status-publish","4":"has-post-thumbnail","6":"product_cat-accesorios-de-bano","7":"product_cat-bano","8":"product_cat-perchero","9":"product_tag-accesorios-de-bano","10":"product_tag-fa2313","11":"product_tag-perchero","12":"pa_colecciones-hermes","13":"post-wrapper","15":"first","16":"instock","17":"shipping-taxable","18":"purchasable","19":"product-type-simple"},"_links":{"self":[{"href":"https:\/\/ferretticorp.com\/en\/wp-json\/wp\/v2\/product\/12196","targetHints":{"allow":["GET"]}}],"collection":[{"href":"https:\/\/ferretticorp.com\/en\/wp-json\/wp\/v2\/product"}],"about":[{"href":"https:\/\/ferretticorp.com\/en\/wp-json\/wp\/v2\/types\/product"}],"wp:featuredmedia":[{"embeddable":true,"href":"https:\/\/ferretticorp.com\/en\/wp-json\/wp\/v2\/media\/16180"}],"wp:attachment":[{"href":"https:\/\/ferretticorp.com\/en\/wp-json\/wp\/v2\/media?parent=12196"}],"wp:term":[{"taxonomy":"product_cat","embeddable":true,"href":"https:\/\/ferretticorp.com\/en\/wp-json\/wp\/v2\/product_cat?post=12196"},{"taxonomy":"product_tag","embeddable":true,"href":"https:\/\/ferretticorp.com\/en\/wp-json\/wp\/v2\/product_tag?post=12196"}],"curies":[{"name":"wp","href":"https:\/\/api.w.org\/{rel}","templated":true}]}}