{"id":12413,"date":"1970-01-01T00:00:00","date_gmt":"1970-01-01T00:00:00","guid":{"rendered":"https:\/\/ferretticorp.com\/?post_type=product&#038;p=12413"},"modified":"2021-08-23T22:01:13","modified_gmt":"2021-08-23T22:01:13","slug":"desague-plus-super-pesado-sumidero-max","status":"publish","type":"product","link":"https:\/\/ferretticorp.com\/en\/productos\/desague-plus-super-pesado-sumidero-max\/","title":{"rendered":"Desag\u00fce Plus S\u00faper Pesado Sumidero Max"},"content":{"rendered":"","protected":false},"excerpt":{"rendered":"<p>Complemento de ba\u00f1o de bronce con acabado cromado de alta calidad, resistente a la corrosi\u00f3n y deterioro.<\/p>\n<div class=\"panel-descargas\"><a href=\"https:\/\/ferretticorp.com\/en\/documentos\/fichas-tecnicas\/FICHAS_FA2622-desgue-ferretti.pdf\/\" target=\"_blank\" rel=\"noopener noreferrer\"><button class=\"descarga-ficha\">Ficha de producto<\/button><\/a><a target=\"_blank\" href=\"https:\/\/ferretticorp.com\/en\/documentos\/fichas-tecnicas\/FA2622-desague-plus-super-pesado-sumidero-max.pdf\/\" rel=\"noopener noreferrer\"><button class=\"descarga-ficha\">Instalaci\u00f3n<\/button><\/a><a href=\"https:\/\/ferretticorp.com\/en\/documentos\/Garantia-complementos-bano-ferretti.pdf\/\" target=\"_blank\" rel=\"noopener noreferrer\"><button class=\"descarga-ficha\">Garant\u00eda Ferretti<\/button><\/a><button class=\"descarga-ficha\">Uso y mantenimiento<\/button><\/div>","protected":false},"featured_media":16806,"template":"","meta":{"inline_featured_image":false,"_themeisle_gutenberg_block_has_review":false},"product_cat":[17,26,392],"product_tag":[394],"class_list":{"0":"post-12413","1":"product","2":"type-product","3":"status-publish","4":"has-post-thumbnail","6":"product_cat-bano","7":"product_cat-complementos-de-bano","8":"product_cat-desague-de-lavatorio","9":"product_tag-fa2622","10":"post-wrapper","12":"first","13":"instock","14":"shipping-taxable","15":"purchasable","16":"product-type-simple"},"_links":{"self":[{"href":"https:\/\/ferretticorp.com\/en\/wp-json\/wp\/v2\/product\/12413","targetHints":{"allow":["GET"]}}],"collection":[{"href":"https:\/\/ferretticorp.com\/en\/wp-json\/wp\/v2\/product"}],"about":[{"href":"https:\/\/ferretticorp.com\/en\/wp-json\/wp\/v2\/types\/product"}],"wp:featuredmedia":[{"embeddable":true,"href":"https:\/\/ferretticorp.com\/en\/wp-json\/wp\/v2\/media\/16806"}],"wp:attachment":[{"href":"https:\/\/ferretticorp.com\/en\/wp-json\/wp\/v2\/media?parent=12413"}],"wp:term":[{"taxonomy":"product_cat","embeddable":true,"href":"https:\/\/ferretticorp.com\/en\/wp-json\/wp\/v2\/product_cat?post=12413"},{"taxonomy":"product_tag","embeddable":true,"href":"https:\/\/ferretticorp.com\/en\/wp-json\/wp\/v2\/product_tag?post=12413"}],"curies":[{"name":"wp","href":"https:\/\/api.w.org\/{rel}","templated":true}]}}