{"id":12598,"date":"2018-06-08T20:48:00","date_gmt":"2018-06-08T20:48:00","guid":{"rendered":"https:\/\/ferretticorp.com\/?post_type=product&#038;p=12598"},"modified":"2021-08-23T22:01:52","modified_gmt":"2021-08-23T22:01:52","slug":"desague-push-up-verona-pesado-max-sin-rebose","status":"publish","type":"product","link":"https:\/\/ferretticorp.com\/en\/productos\/desague-push-up-verona-pesado-max-sin-rebose\/","title":{"rendered":"Desag\u00fce Push Up Verona Pesado Max sin rebose"},"content":{"rendered":"","protected":false},"excerpt":{"rendered":"<p>Desag\u00fce de ba\u00f1o de bronce con acabado cromado de alta calidad, resistente a la corrosi\u00f3n y deterioro.<\/p>\n<div class=\"panel-descargas\"><a href=\"https:\/\/ferretticorp.com\/en\/documentos\/fichas-tecnicas\/FA2690-DESAGUE-PUSHUP-VERONA-SIN-REBOSE-FERRETTI.pdf\/\" target=\"_blank\" rel=\"noopener noreferrer\"><button class=\"descarga-ficha\">Ficha de producto<\/button><\/a><a target=\"_blank\" href=\"https:\/\/ferretticorp.com\/en\/documentos\/fichas-tecnicas\/FA2690-desague-pushup-sinrebose-verona.pdf\/\" rel=\"noopener noreferrer\"><button class=\"descarga-ficha\">Instalaci\u00f3n<\/button><\/a><a href=\"https:\/\/ferretticorp.com\/en\/documentos\/Garantia-complementos-bano-ferretti.pdf\/\" target=\"_blank\" rel=\"noopener noreferrer\"><button class=\"descarga-ficha\">Garant\u00eda Ferretti<\/button><\/a><button class=\"descarga-ficha\">Uso y mantenimiento<\/button><\/div>","protected":false},"featured_media":16824,"template":"","meta":{"inline_featured_image":false,"_themeisle_gutenberg_block_has_review":false},"product_cat":[17,26,392],"product_tag":[143,403,406],"class_list":{"0":"post-12598","1":"product","2":"type-product","3":"status-publish","4":"has-post-thumbnail","6":"product_cat-bano","7":"product_cat-complementos-de-bano","8":"product_cat-desague-de-lavatorio","9":"product_tag-bano","10":"product_tag-desague","11":"product_tag-fa2690","12":"post-wrapper","14":"first","15":"instock","16":"shipping-taxable","17":"purchasable","18":"product-type-simple"},"_links":{"self":[{"href":"https:\/\/ferretticorp.com\/en\/wp-json\/wp\/v2\/product\/12598","targetHints":{"allow":["GET"]}}],"collection":[{"href":"https:\/\/ferretticorp.com\/en\/wp-json\/wp\/v2\/product"}],"about":[{"href":"https:\/\/ferretticorp.com\/en\/wp-json\/wp\/v2\/types\/product"}],"wp:featuredmedia":[{"embeddable":true,"href":"https:\/\/ferretticorp.com\/en\/wp-json\/wp\/v2\/media\/16824"}],"wp:attachment":[{"href":"https:\/\/ferretticorp.com\/en\/wp-json\/wp\/v2\/media?parent=12598"}],"wp:term":[{"taxonomy":"product_cat","embeddable":true,"href":"https:\/\/ferretticorp.com\/en\/wp-json\/wp\/v2\/product_cat?post=12598"},{"taxonomy":"product_tag","embeddable":true,"href":"https:\/\/ferretticorp.com\/en\/wp-json\/wp\/v2\/product_tag?post=12598"}],"curies":[{"name":"wp","href":"https:\/\/api.w.org\/{rel}","templated":true}]}}