{"id":12668,"date":"2018-08-08T00:02:00","date_gmt":"2018-08-08T00:02:00","guid":{"rendered":"https:\/\/ferretticorp.com\/?post_type=product&#038;p=12668"},"modified":"2021-08-23T22:02:18","modified_gmt":"2021-08-23T22:02:18","slug":"trampa-redonda-pesada-cromo","status":"publish","type":"product","link":"https:\/\/ferretticorp.com\/en\/productos\/trampa-redonda-pesada-cromo\/","title":{"rendered":"Trampa Redonda Pesada Cromo"},"content":{"rendered":"","protected":false},"excerpt":{"rendered":"<p>Ferretti Trampa Redonda Pesada elaborada en bronce para m\u00e1xima duraci\u00f3n. Con acabado cromado de alta duraci\u00f3n. Dise\u00f1o minimalista. Coleta extra larga.<\/p>\n<div class=\"panel-descargas\"><button class=\"descarga-ficha\">Ficha de producto<\/button><button class=\"descarga-ficha\">Instalaci\u00f3n<\/button><a href=\"https:\/\/ferretticorp.com\/en\/documentos\/Garantia-complementos-bano-ferretti.pdf\/\" target=\"_blank\" rel=\"noopener noreferrer\"><button class=\"descarga-ficha\">Garant\u00eda Ferretti<\/button><\/a><button class=\"descarga-ficha\">Uso y mantenimiento<\/button><\/div>","protected":false},"featured_media":16836,"template":"","meta":{"inline_featured_image":false,"_themeisle_gutenberg_block_has_review":false},"product_cat":[17,26,407],"product_tag":[143,408,411,416],"class_list":{"0":"post-12668","1":"product","2":"type-product","3":"status-publish","4":"has-post-thumbnail","6":"product_cat-bano","7":"product_cat-complementos-de-bano","8":"product_cat-trampa","9":"product_tag-bano","10":"product_tag-complementos-de-bano","11":"product_tag-compra-trampa-para-bano-ferretti","12":"product_tag-fa2892","13":"post-wrapper","15":"first","16":"instock","17":"shipping-taxable","18":"purchasable","19":"product-type-simple"},"_links":{"self":[{"href":"https:\/\/ferretticorp.com\/en\/wp-json\/wp\/v2\/product\/12668","targetHints":{"allow":["GET"]}}],"collection":[{"href":"https:\/\/ferretticorp.com\/en\/wp-json\/wp\/v2\/product"}],"about":[{"href":"https:\/\/ferretticorp.com\/en\/wp-json\/wp\/v2\/types\/product"}],"wp:featuredmedia":[{"embeddable":true,"href":"https:\/\/ferretticorp.com\/en\/wp-json\/wp\/v2\/media\/16836"}],"wp:attachment":[{"href":"https:\/\/ferretticorp.com\/en\/wp-json\/wp\/v2\/media?parent=12668"}],"wp:term":[{"taxonomy":"product_cat","embeddable":true,"href":"https:\/\/ferretticorp.com\/en\/wp-json\/wp\/v2\/product_cat?post=12668"},{"taxonomy":"product_tag","embeddable":true,"href":"https:\/\/ferretticorp.com\/en\/wp-json\/wp\/v2\/product_tag?post=12668"}],"curies":[{"name":"wp","href":"https:\/\/api.w.org\/{rel}","templated":true}]}}