{"id":13626,"date":"1970-01-01T00:00:00","date_gmt":"1970-01-01T00:00:00","guid":{"rendered":"https:\/\/ferretticorp.com\/?post_type=product&#038;p=13626"},"modified":"2021-08-24T16:38:33","modified_gmt":"2021-08-24T16:38:33","slug":"ducha-espanola-ultra-slim-20cm-con-brazo-redondo-35cm","status":"publish","type":"product","link":"https:\/\/ferretticorp.com\/en\/productos\/ducha-espanola-ultra-slim-20cm-con-brazo-redondo-35cm\/","title":{"rendered":"Ducha Espa\u00f1ola Cuadrada Ultra Slim 20cm con Brazo Redondo 35cm"},"content":{"rendered":"","protected":false},"excerpt":{"rendered":"<p>Ferretti Ducha espa\u00f1ola cuadrada con brazo redondo de 35cm. Elaborado para un alto rendimiento y f\u00e1cil instalaci\u00f3n.<\/p>\n<div class=\"panel-descargas\"><button class=\"descarga-ficha\">Ficha de producto<\/button><button class=\"descarga-ficha\">Instalaci\u00f3n<\/button><button class=\"descarga-ficha\">Garant\u00eda Ferretti<\/button><button class=\"descarga-ficha\">Uso y mantenimiento<\/button><\/div>","protected":false},"featured_media":17136,"template":"","meta":{"inline_featured_image":false,"_themeisle_gutenberg_block_has_review":false},"product_cat":[17,24,50],"product_tag":[],"class_list":{"0":"post-13626","1":"product","2":"type-product","3":"status-publish","4":"has-post-thumbnail","6":"product_cat-bano","7":"product_cat-cabezas-para-ducha","8":"product_cat-duchas-espanolas","9":"post-wrapper","11":"first","12":"instock","13":"shipping-taxable","14":"purchasable","15":"product-type-simple"},"_links":{"self":[{"href":"https:\/\/ferretticorp.com\/en\/wp-json\/wp\/v2\/product\/13626","targetHints":{"allow":["GET"]}}],"collection":[{"href":"https:\/\/ferretticorp.com\/en\/wp-json\/wp\/v2\/product"}],"about":[{"href":"https:\/\/ferretticorp.com\/en\/wp-json\/wp\/v2\/types\/product"}],"wp:featuredmedia":[{"embeddable":true,"href":"https:\/\/ferretticorp.com\/en\/wp-json\/wp\/v2\/media\/17136"}],"wp:attachment":[{"href":"https:\/\/ferretticorp.com\/en\/wp-json\/wp\/v2\/media?parent=13626"}],"wp:term":[{"taxonomy":"product_cat","embeddable":true,"href":"https:\/\/ferretticorp.com\/en\/wp-json\/wp\/v2\/product_cat?post=13626"},{"taxonomy":"product_tag","embeddable":true,"href":"https:\/\/ferretticorp.com\/en\/wp-json\/wp\/v2\/product_tag?post=13626"}],"curies":[{"name":"wp","href":"https:\/\/api.w.org\/{rel}","templated":true}]}}