{"id":13713,"date":"2018-02-10T20:46:00","date_gmt":"2018-02-10T20:46:00","guid":{"rendered":"https:\/\/ferretticorp.com\/?post_type=product&#038;p=13713"},"modified":"2021-08-23T22:03:15","modified_gmt":"2021-08-23T22:03:15","slug":"ducha-espanola-redonda-ultra-slim-30cm","status":"publish","type":"product","link":"https:\/\/ferretticorp.com\/en\/productos\/ducha-espanola-redonda-ultra-slim-30cm\/","title":{"rendered":"Ducha Espa\u00f1ola Redonda Ultra Slim 30cm"},"content":{"rendered":"","protected":false},"excerpt":{"rendered":"<p>Ferretti Ducha espa\u00f1ola redonda Ultra Slim 30cm. Elaborado para un alto rendimiento y f\u00e1cil instalaci\u00f3n.<\/p>\n<div class=\"panel-descargas\"><button class=\"descarga-ficha\">Ficha de producto<\/button><button class=\"descarga-ficha\">Instalaci\u00f3n<\/button><button class=\"descarga-ficha\">Garant\u00eda Ferretti<\/button><button class=\"descarga-ficha\">Uso y mantenimiento<\/button><\/div>","protected":false},"featured_media":16865,"template":"","meta":{"inline_featured_image":false,"_themeisle_gutenberg_block_has_review":false},"product_cat":[17,24,50],"product_tag":[399,429,431],"class_list":{"0":"post-13713","1":"product","2":"type-product","3":"status-publish","4":"has-post-thumbnail","6":"product_cat-bano","7":"product_cat-cabezas-para-ducha","8":"product_cat-duchas-espanolas","9":"product_tag-ducha","10":"product_tag-ducha-espanola","11":"product_tag-fa3086","12":"post-wrapper","14":"first","15":"instock","16":"shipping-taxable","17":"purchasable","18":"product-type-simple"},"_links":{"self":[{"href":"https:\/\/ferretticorp.com\/en\/wp-json\/wp\/v2\/product\/13713","targetHints":{"allow":["GET"]}}],"collection":[{"href":"https:\/\/ferretticorp.com\/en\/wp-json\/wp\/v2\/product"}],"about":[{"href":"https:\/\/ferretticorp.com\/en\/wp-json\/wp\/v2\/types\/product"}],"wp:featuredmedia":[{"embeddable":true,"href":"https:\/\/ferretticorp.com\/en\/wp-json\/wp\/v2\/media\/16865"}],"wp:attachment":[{"href":"https:\/\/ferretticorp.com\/en\/wp-json\/wp\/v2\/media?parent=13713"}],"wp:term":[{"taxonomy":"product_cat","embeddable":true,"href":"https:\/\/ferretticorp.com\/en\/wp-json\/wp\/v2\/product_cat?post=13713"},{"taxonomy":"product_tag","embeddable":true,"href":"https:\/\/ferretticorp.com\/en\/wp-json\/wp\/v2\/product_tag?post=13713"}],"curies":[{"name":"wp","href":"https:\/\/api.w.org\/{rel}","templated":true}]}}