{"id":14146,"date":"1970-01-01T00:00:00","date_gmt":"1970-01-01T00:00:00","guid":{"rendered":"https:\/\/ferretticorp.com\/?post_type=product&#038;p=14146"},"modified":"2021-08-17T02:19:02","modified_gmt":"2021-08-17T02:19:02","slug":"eos-dispensador-de-jabon-liquido","status":"publish","type":"product","link":"https:\/\/ferretticorp.com\/en\/productos\/eos-dispensador-de-jabon-liquido\/","title":{"rendered":"Dispensador de Jab\u00f3n L\u00edquido EOS"},"content":{"rendered":"","protected":false},"excerpt":{"rendered":"<p>Ferretti accesorio para ba\u00f1o elaborado en bronce con acabado cromado de alta calidad, resistente a la corrosi\u00f3n y deterioro.<\/p>\n<div class=\"panel-descargas\"><a href=\"https:\/\/ferrettistore.com\/documentos\/fichas-tecnicas\/bano\/accesorios\/FA2231-EOS-DISPENSADOR-JABON.pdf\" target=\"_blank\" rel=\"noopener noreferrer\"><button class=\"descarga-ficha\">Ficha de producto<\/button><\/a><a href=\"https:\/\/ferrettistore.com\/documentos\/instalacion\/bano\/accesorios\/EOS-Signature-Dispensador-de-JabonLiquido-Modelo-FA2231.pdf\" target=\"_blank\" rel=\"noopener noreferrer\"><button class=\"descarga-ficha\">Instalaci\u00f3n<\/button><\/a><a href=\"https:\/\/ferrettistore.com\/documentos\/Garantia-accesorios-bano-ferretti.pdf\" target=\"_blank\" rel=\"noopener noreferrer\"><button class=\"descarga-ficha\">Garant\u00eda Ferretti<\/button><\/a><a href=\"https:\/\/shop.ferrettistore.com\/wp-content\/uploads\/2018\/05\/CONDICIONES-ADECUADAS-DE-USO-Y-MANTENIMIENTO-ACCESORIOS-Y-COMPLEMENTOS-FERRETTI.pdf\" target=\"_blank\" rel=\"noopener noreferrer\"><button class=\"descarga-ficha\">Uso y mantenimiento<\/button><\/a><\/div>","protected":false},"featured_media":14147,"template":"","meta":{"inline_featured_image":false,"_themeisle_gutenberg_block_has_review":false},"product_cat":[25,17,54],"product_tag":[142,143,153,154],"class_list":{"0":"post-14146","1":"product","2":"type-product","3":"status-publish","4":"has-post-thumbnail","6":"product_cat-accesorios-de-bano","7":"product_cat-bano","8":"product_cat-dispensador","9":"product_tag-accesorios-de-bano","10":"product_tag-bano","11":"product_tag-dispensador-de-jabon","12":"product_tag-fa2231","13":"pa_colecciones-eos","14":"post-wrapper","16":"first","17":"instock","18":"shipping-taxable","19":"purchasable","20":"product-type-simple"},"_links":{"self":[{"href":"https:\/\/ferretticorp.com\/en\/wp-json\/wp\/v2\/product\/14146","targetHints":{"allow":["GET"]}}],"collection":[{"href":"https:\/\/ferretticorp.com\/en\/wp-json\/wp\/v2\/product"}],"about":[{"href":"https:\/\/ferretticorp.com\/en\/wp-json\/wp\/v2\/types\/product"}],"wp:featuredmedia":[{"embeddable":true,"href":"https:\/\/ferretticorp.com\/en\/wp-json\/wp\/v2\/media\/14147"}],"wp:attachment":[{"href":"https:\/\/ferretticorp.com\/en\/wp-json\/wp\/v2\/media?parent=14146"}],"wp:term":[{"taxonomy":"product_cat","embeddable":true,"href":"https:\/\/ferretticorp.com\/en\/wp-json\/wp\/v2\/product_cat?post=14146"},{"taxonomy":"product_tag","embeddable":true,"href":"https:\/\/ferretticorp.com\/en\/wp-json\/wp\/v2\/product_tag?post=14146"}],"curies":[{"name":"wp","href":"https:\/\/api.w.org\/{rel}","templated":true}]}}