{"id":15507,"date":"1970-01-01T00:00:00","date_gmt":"1970-01-01T00:00:00","guid":{"rendered":"https:\/\/ferretticorp.com\/?post_type=product&#038;p=15507"},"modified":"2021-08-24T03:24:55","modified_gmt":"2021-08-24T03:24:55","slug":"stixx-a49-bowl-slim-ceramica-blanca-49x35-5x13-5-cm","status":"publish","type":"product","link":"https:\/\/ferretticorp.com\/en\/productos\/stixx-a49-bowl-slim-ceramica-blanca-49x35-5x13-5-cm\/","title":{"rendered":"Stixx A49 Bowl Slim Cer\u00e1mica Blanca 49&#215;35.5&#215;13.5 cm"},"content":{"rendered":"","protected":false},"excerpt":{"rendered":"<p>Lavatorio de ba\u00f1o ovalado elaborado con cer\u00e1mica blanca vitrificada, impermeable al agua. El esmaltado de la pieza evita la absorci\u00f3n de agua y otros materiales.<\/p>\n<div class=\"panel-descargas\"><a href=\"https:\/\/ferretticorp.com\/en\/documentos\/fichas-tecnicas\/FICHAS-FA17252-BOWL-SLIM-STIXX-A49-CERAMICA-BLANCA-FERRETTI.pdf\/\" target=\"_blank\" rel=\"noopener noreferrer\"><button class=\"descarga-ficha\">Ficha de producto<\/button><\/a><button class=\"descarga-ficha\">Instalaci\u00f3n<\/button><a href=\"https:\/\/ferretticorp.com\/en\/documentos\/Garantia_lavatorios-bano.pdf\/\" target=\"_blank\" rel=\"noopener noreferrer\"><button class=\"descarga-ficha\">Garant\u00eda Ferretti<\/button><\/a><button class=\"descarga-ficha\">Uso y mantenimiento<\/button><\/div>","protected":false},"featured_media":17115,"template":"","meta":{"inline_featured_image":false,"_themeisle_gutenberg_block_has_review":false},"product_cat":[17,73,20],"product_tag":[143,509,502,496],"class_list":{"0":"post-15507","1":"product","2":"type-product","3":"status-publish","4":"has-post-thumbnail","6":"product_cat-bano","7":"product_cat-ceramica","8":"product_cat-lavatorios","9":"product_tag-bano","10":"product_tag-bowl","11":"product_tag-ceramica","12":"product_tag-lavatorio","13":"pa_colecciones-stixx","14":"post-wrapper","16":"first","17":"instock","18":"shipping-taxable","19":"purchasable","20":"product-type-simple"},"_links":{"self":[{"href":"https:\/\/ferretticorp.com\/en\/wp-json\/wp\/v2\/product\/15507","targetHints":{"allow":["GET"]}}],"collection":[{"href":"https:\/\/ferretticorp.com\/en\/wp-json\/wp\/v2\/product"}],"about":[{"href":"https:\/\/ferretticorp.com\/en\/wp-json\/wp\/v2\/types\/product"}],"wp:featuredmedia":[{"embeddable":true,"href":"https:\/\/ferretticorp.com\/en\/wp-json\/wp\/v2\/media\/17115"}],"wp:attachment":[{"href":"https:\/\/ferretticorp.com\/en\/wp-json\/wp\/v2\/media?parent=15507"}],"wp:term":[{"taxonomy":"product_cat","embeddable":true,"href":"https:\/\/ferretticorp.com\/en\/wp-json\/wp\/v2\/product_cat?post=15507"},{"taxonomy":"product_tag","embeddable":true,"href":"https:\/\/ferretticorp.com\/en\/wp-json\/wp\/v2\/product_tag?post=15507"}],"curies":[{"name":"wp","href":"https:\/\/api.w.org\/{rel}","templated":true}]}}