{"id":15530,"date":"1970-01-01T00:00:00","date_gmt":"1970-01-01T00:00:00","guid":{"rendered":"https:\/\/ferretticorp.com\/?post_type=product&#038;p=15530"},"modified":"2021-08-24T03:25:19","modified_gmt":"2021-08-24T03:25:19","slug":"mediterranee-a53-ovalin-ceramica-blanca-53x37x20-cm","status":"publish","type":"product","link":"https:\/\/ferretticorp.com\/en\/productos\/mediterranee-a53-ovalin-ceramica-blanca-53x37x20-cm\/","title":{"rendered":"Mediterranee A53 Oval\u00edn Cer\u00e1mica Blanca 53x37x20 cm"},"content":{"rendered":"","protected":false},"excerpt":{"rendered":"<p>Oval\u00edn rectangular empotrado elaborado con cer\u00e1mica blanca vitrificada, impermeable al agua. El esmaltado de la base de la pieza evita la absorci\u00f3n de agua y otros materiales.<\/p>\n<div class=\"panel-descargas\"><a href=\"https:\/\/ferretticorp.com\/en\/documentos\/fichas-tecnicas\/FA17239-OVALIN-FERRETTI-MEDITERRANEE-A53-CERAMICA-BLANCA.pdf\/\" target=\"_blank\" rel=\"noopener noreferrer\"><button class=\"descarga-ficha\">Ficha de producto<\/button><\/a><button class=\"descarga-ficha\">Instalaci\u00f3n<\/button><a href=\"https:\/\/ferretticorp.com\/en\/documentos\/Garantia_lavatorios-bano.pdf\/\" target=\"_blank\" rel=\"noopener noreferrer\"><button class=\"descarga-ficha\">Garant\u00eda Ferretti<\/button><\/a><button class=\"descarga-ficha\">Uso y mantenimiento<\/button><\/div>","protected":false},"featured_media":17127,"template":"","meta":{"inline_featured_image":false,"_themeisle_gutenberg_block_has_review":false},"product_cat":[17,73,20],"product_tag":[143,502,514],"class_list":{"0":"post-15530","1":"product","2":"type-product","3":"status-publish","4":"has-post-thumbnail","6":"product_cat-bano","7":"product_cat-ceramica","8":"product_cat-lavatorios","9":"product_tag-bano","10":"product_tag-ceramica","11":"product_tag-ovalin","12":"pa_colecciones-mediterranee","13":"post-wrapper","15":"first","16":"instock","17":"shipping-taxable","18":"purchasable","19":"product-type-simple"},"_links":{"self":[{"href":"https:\/\/ferretticorp.com\/en\/wp-json\/wp\/v2\/product\/15530","targetHints":{"allow":["GET"]}}],"collection":[{"href":"https:\/\/ferretticorp.com\/en\/wp-json\/wp\/v2\/product"}],"about":[{"href":"https:\/\/ferretticorp.com\/en\/wp-json\/wp\/v2\/types\/product"}],"wp:featuredmedia":[{"embeddable":true,"href":"https:\/\/ferretticorp.com\/en\/wp-json\/wp\/v2\/media\/17127"}],"wp:attachment":[{"href":"https:\/\/ferretticorp.com\/en\/wp-json\/wp\/v2\/media?parent=15530"}],"wp:term":[{"taxonomy":"product_cat","embeddable":true,"href":"https:\/\/ferretticorp.com\/en\/wp-json\/wp\/v2\/product_cat?post=15530"},{"taxonomy":"product_tag","embeddable":true,"href":"https:\/\/ferretticorp.com\/en\/wp-json\/wp\/v2\/product_tag?post=15530"}],"curies":[{"name":"wp","href":"https:\/\/api.w.org\/{rel}","templated":true}]}}