{"id":15541,"date":"1970-01-01T00:00:00","date_gmt":"1970-01-01T00:00:00","guid":{"rendered":"https:\/\/ferretticorp.com\/?post_type=product&#038;p=15541"},"modified":"2021-08-23T22:03:32","modified_gmt":"2021-08-23T22:03:32","slug":"desague-reversible-ducha-rectangular-acero-inox-300110-mm-signature","status":"publish","type":"product","link":"https:\/\/ferretticorp.com\/en\/productos\/desague-reversible-ducha-rectangular-acero-inox-300110-mm-signature\/","title":{"rendered":"Desag\u00fce Reversible Ducha Rectangular, Acero Inox. 300*110 mm Signature"},"content":{"rendered":"","protected":false},"excerpt":{"rendered":"<p>Ferretti desag\u00fce de ducha para ba\u00f1o elaborado en acero inoxidable con acabado satinado de alta calidad, resistente a la corrosi\u00f3n y deterioro.<br \/>\n-Reversible: para inserto de porcelanato o con tapa decorativa<br \/>\n-Anti-insectos: sistema de cerrado no permite la salida de insectos<br \/>\n-Sistema anti-olor: se cierra cuando no hay flujo de agua.<\/p>\n<div class=\"panel-descargas\"><a href=\"https:\/\/ferretticorp.com\/en\/documentos\/fichas-tecnicas\/FA8507-DESAGUE-REVERSIBLE-DUCHA-RECTANGULAR-ACERO-INOXIDABLE-300x110MM-FERRETTI.pdf\/\"><button class=\"descarga-ficha\">Ficha de producto<\/button><\/a><button class=\"descarga-ficha\">Instalaci\u00f3n<\/button><a href=\"https:\/\/ferretticorp.com\/en\/documentos\/Garantia-complementos-bano-ferretti.pdf\/\" target=\"_blank\" rel=\"noopener noreferrer\"><button class=\"descarga-ficha\">Garant\u00eda Ferretti<\/button><\/a><button class=\"descarga-ficha\">Uso y mantenimiento<\/button><\/div>","protected":false},"featured_media":16873,"template":"","meta":{"inline_featured_image":false,"_themeisle_gutenberg_block_has_review":false},"product_cat":[17,26,432],"product_tag":[143,408,403,399,436],"class_list":{"0":"post-15541","1":"product","2":"type-product","3":"status-publish","4":"has-post-thumbnail","6":"product_cat-bano","7":"product_cat-complementos-de-bano","8":"product_cat-desague-de-ducha","9":"product_tag-bano","10":"product_tag-complementos-de-bano","11":"product_tag-desague","12":"product_tag-ducha","13":"product_tag-fa8507","14":"post-wrapper","16":"first","17":"instock","18":"shipping-taxable","19":"purchasable","20":"product-type-simple"},"_links":{"self":[{"href":"https:\/\/ferretticorp.com\/en\/wp-json\/wp\/v2\/product\/15541","targetHints":{"allow":["GET"]}}],"collection":[{"href":"https:\/\/ferretticorp.com\/en\/wp-json\/wp\/v2\/product"}],"about":[{"href":"https:\/\/ferretticorp.com\/en\/wp-json\/wp\/v2\/types\/product"}],"wp:featuredmedia":[{"embeddable":true,"href":"https:\/\/ferretticorp.com\/en\/wp-json\/wp\/v2\/media\/16873"}],"wp:attachment":[{"href":"https:\/\/ferretticorp.com\/en\/wp-json\/wp\/v2\/media?parent=15541"}],"wp:term":[{"taxonomy":"product_cat","embeddable":true,"href":"https:\/\/ferretticorp.com\/en\/wp-json\/wp\/v2\/product_cat?post=15541"},{"taxonomy":"product_tag","embeddable":true,"href":"https:\/\/ferretticorp.com\/en\/wp-json\/wp\/v2\/product_tag?post=15541"}],"curies":[{"name":"wp","href":"https:\/\/api.w.org\/{rel}","templated":true}]}}