{"id":15697,"date":"2020-08-07T11:16:00","date_gmt":"2020-08-07T11:16:00","guid":{"rendered":"https:\/\/ferretticorp.com\/?post_type=product&#038;p=15697"},"modified":"2021-08-24T02:23:53","modified_gmt":"2021-08-24T02:23:53","slug":"holland-max-plus-lavatorio-8-al-mueble","status":"publish","type":"product","link":"https:\/\/ferretticorp.com\/en\/productos\/holland-max-plus-lavatorio-8-al-mueble\/","title":{"rendered":"Holland Max Plus Lavatorio 8&#8243; Al Mueble"},"content":{"rendered":"","protected":false},"excerpt":{"rendered":"<p>Grifer\u00eda Ferretti fabricada en bronce pesado para m\u00e1xima duraci\u00f3n y con un acabado cromado de m\u00e1xima calidad.<\/p>\n<div class=\"panel-descargas\"><a href=\"https:\/\/shop.ferrettistore.com\/wp-content\/uploads\/2020\/07\/FA7919-HOLLAND-MAX-LAVATORIO-8-FERRETTI.pdf\"><button class=\"descarga-ficha\">Ficha de producto<\/button><\/a><button class=\"descarga-ficha\">Instalaci\u00f3n<\/button><a href=\"https:\/\/shop.ferrettistore.com\/\/documentos\/Garantia-griferias-bano-ferretti.pdf\" target=\"_blank\" rel=\"noopener noreferrer\"><button class=\"descarga-ficha\">Garant\u00eda Ferretti<\/button><\/a><a href=\"https:\/\/shop.ferrettistore.com\/wp-content\/uploads\/2018\/05\/CONDICIONES-ADECUADAS-DE-USO-Y-MANTENIMIENTO-GRIFERIAS-CROMADAS-Y-NEGRAS-FERRETTI.pdf\" target=\"_blank\" rel=\"noopener noreferrer\"><button class=\"descarga-ficha\">Uso y mantenimiento<\/button><\/a><\/div>","protected":false},"featured_media":17013,"template":"","meta":{"inline_featured_image":false,"_themeisle_gutenberg_block_has_review":false},"product_cat":[17,19,43],"product_tag":[143,475,159,476],"class_list":{"0":"post-15697","1":"product","2":"type-product","3":"status-publish","4":"has-post-thumbnail","6":"product_cat-bano","7":"product_cat-griferias-de-bano","8":"product_cat-mezcladora","9":"product_tag-bano","10":"product_tag-fa7919","11":"product_tag-griferia","12":"product_tag-holland","13":"pa_colecciones-holland","14":"post-wrapper","16":"first","17":"instock","18":"shipping-taxable","19":"purchasable","20":"product-type-simple"},"_links":{"self":[{"href":"https:\/\/ferretticorp.com\/en\/wp-json\/wp\/v2\/product\/15697","targetHints":{"allow":["GET"]}}],"collection":[{"href":"https:\/\/ferretticorp.com\/en\/wp-json\/wp\/v2\/product"}],"about":[{"href":"https:\/\/ferretticorp.com\/en\/wp-json\/wp\/v2\/types\/product"}],"wp:featuredmedia":[{"embeddable":true,"href":"https:\/\/ferretticorp.com\/en\/wp-json\/wp\/v2\/media\/17013"}],"wp:attachment":[{"href":"https:\/\/ferretticorp.com\/en\/wp-json\/wp\/v2\/media?parent=15697"}],"wp:term":[{"taxonomy":"product_cat","embeddable":true,"href":"https:\/\/ferretticorp.com\/en\/wp-json\/wp\/v2\/product_cat?post=15697"},{"taxonomy":"product_tag","embeddable":true,"href":"https:\/\/ferretticorp.com\/en\/wp-json\/wp\/v2\/product_tag?post=15697"}],"curies":[{"name":"wp","href":"https:\/\/api.w.org\/{rel}","templated":true}]}}