{"id":15708,"date":"2020-08-07T12:29:00","date_gmt":"2020-08-07T12:29:00","guid":{"rendered":"https:\/\/ferretticorp.com\/?post_type=product&#038;p=15708"},"modified":"2021-08-24T02:25:01","modified_gmt":"2021-08-24T02:25:01","slug":"eos-monocomando-negra-a-la-pared","status":"publish","type":"product","link":"https:\/\/ferretticorp.com\/en\/productos\/eos-monocomando-negra-a-la-pared\/","title":{"rendered":"Eos Monocomando Negro a la Pared"},"content":{"rendered":"","protected":false},"excerpt":{"rendered":"<p>Ferretti Grifer\u00eda elaborada en bronce pesado para m\u00e1xima duraci\u00f3n y con un acabado negro mate de m\u00e1xima calidad.<\/p>\n<div class=\"panel-descargas\"><a href=\"https:\/\/shop.ferrettistore.com\/wp-content\/uploads\/2020\/07\/FA7908-EOS-MONOCOMANDO-NEGRO-PARED-FERRETTI.pdf\" target=\"_blank\" rel=\"noopener noreferrer\"><button class=\"descarga-ficha\">Ficha de producto<\/button><\/a><button class=\"descarga-ficha\">Instalaci\u00f3n<\/button><a href=\"http:\/\/ferrettistore.com\/documentos\/Garantia-griferias-bano-ferretti.pdf\" target=\"_blank\" rel=\"noopener noreferrer\"><button class=\"descarga-ficha\">Garant\u00eda Ferretti<\/button><\/a><a href=\"https:\/\/shop.ferrettistore.com\/wp-content\/uploads\/2018\/05\/CONDICIONES-ADECUADAS-DE-USO-Y-MANTENIMIENTO-GRIFERIAS-CROMADAS-Y-NEGRAS-FERRETTI.pdf\"><button class=\"descarga-ficha\">Uso y mantenimiento<\/button><\/a><\/div>","protected":false},"featured_media":17044,"template":"","meta":{"inline_featured_image":false,"_themeisle_gutenberg_block_has_review":false},"product_cat":[17,19,41],"product_tag":[143,485,159],"class_list":{"0":"post-15708","1":"product","2":"type-product","3":"status-publish","4":"has-post-thumbnail","6":"product_cat-bano","7":"product_cat-griferias-de-bano","8":"product_cat-monocomando","9":"product_tag-bano","10":"product_tag-fa7908","11":"product_tag-griferia","12":"pa_colecciones-eos","13":"post-wrapper","15":"first","16":"instock","17":"shipping-taxable","18":"purchasable","19":"product-type-simple"},"_links":{"self":[{"href":"https:\/\/ferretticorp.com\/en\/wp-json\/wp\/v2\/product\/15708","targetHints":{"allow":["GET"]}}],"collection":[{"href":"https:\/\/ferretticorp.com\/en\/wp-json\/wp\/v2\/product"}],"about":[{"href":"https:\/\/ferretticorp.com\/en\/wp-json\/wp\/v2\/types\/product"}],"wp:featuredmedia":[{"embeddable":true,"href":"https:\/\/ferretticorp.com\/en\/wp-json\/wp\/v2\/media\/17044"}],"wp:attachment":[{"href":"https:\/\/ferretticorp.com\/en\/wp-json\/wp\/v2\/media?parent=15708"}],"wp:term":[{"taxonomy":"product_cat","embeddable":true,"href":"https:\/\/ferretticorp.com\/en\/wp-json\/wp\/v2\/product_cat?post=15708"},{"taxonomy":"product_tag","embeddable":true,"href":"https:\/\/ferretticorp.com\/en\/wp-json\/wp\/v2\/product_tag?post=15708"}],"curies":[{"name":"wp","href":"https:\/\/api.w.org\/{rel}","templated":true}]}}