{"id":15719,"date":"2020-08-07T19:17:00","date_gmt":"2020-08-07T19:17:00","guid":{"rendered":"https:\/\/ferretticorp.com\/?post_type=product&#038;p=15719"},"modified":"2021-08-24T02:33:21","modified_gmt":"2021-08-24T02:33:21","slug":"qbix-max-plus-lavatorio-alto-al-mueble","status":"publish","type":"product","link":"https:\/\/ferretticorp.com\/en\/productos\/qbix-max-plus-lavatorio-alto-al-mueble\/","title":{"rendered":"Qbix Max Plus Lavatorio Alto Al Mueble"},"content":{"rendered":"","protected":false},"excerpt":{"rendered":"<p>Fabricado en bronce pesado para m\u00e1xima duraci\u00f3n y con un acabado cromado de m\u00e1xima calidad.<\/p>\n<div class=\"panel-descargas\"><a href=\"https:\/\/shop.ferrettistore.com\/wp-content\/uploads\/2020\/07\/FA7925-QBIX-MAX-LAVATORIO-ALTO-FERRETTI.pdf\"><button class=\"descarga-ficha\">Ficha de producto<\/button><\/a><button class=\"descarga-ficha\">Instalaci\u00f3n<\/button><a href=\"http:\/\/ferrettistore.com\/documentos\/Garantia-griferias-bano-ferretti.pdf\" target=\"_blank\" rel=\"noopener noreferrer\"><button class=\"descarga-ficha\">Garant\u00eda Ferretti<\/button><\/a><a href=\"https:\/\/shop.ferrettistore.com\/wp-content\/uploads\/2018\/05\/CONDICIONES-ADECUADAS-DE-USO-Y-MANTENIMIENTO-GRIFERIAS-CROMADAS-Y-NEGRAS-FERRETTI.pdf\"><button class=\"descarga-ficha\">Uso y mantenimiento<\/button><\/a><\/div>","protected":false},"featured_media":17050,"template":"","meta":{"inline_featured_image":false,"_themeisle_gutenberg_block_has_review":false},"product_cat":[17,19,41],"product_tag":[143,487,159,464],"class_list":{"0":"post-15719","1":"product","2":"type-product","3":"status-publish","4":"has-post-thumbnail","6":"product_cat-bano","7":"product_cat-griferias-de-bano","8":"product_cat-monocomando","9":"product_tag-bano","10":"product_tag-fa7925","11":"product_tag-griferia","12":"product_tag-monocomando","13":"pa_colecciones-qbix","14":"post-wrapper","16":"first","17":"instock","18":"shipping-taxable","19":"purchasable","20":"product-type-simple"},"_links":{"self":[{"href":"https:\/\/ferretticorp.com\/en\/wp-json\/wp\/v2\/product\/15719","targetHints":{"allow":["GET"]}}],"collection":[{"href":"https:\/\/ferretticorp.com\/en\/wp-json\/wp\/v2\/product"}],"about":[{"href":"https:\/\/ferretticorp.com\/en\/wp-json\/wp\/v2\/types\/product"}],"wp:featuredmedia":[{"embeddable":true,"href":"https:\/\/ferretticorp.com\/en\/wp-json\/wp\/v2\/media\/17050"}],"wp:attachment":[{"href":"https:\/\/ferretticorp.com\/en\/wp-json\/wp\/v2\/media?parent=15719"}],"wp:term":[{"taxonomy":"product_cat","embeddable":true,"href":"https:\/\/ferretticorp.com\/en\/wp-json\/wp\/v2\/product_cat?post=15719"},{"taxonomy":"product_tag","embeddable":true,"href":"https:\/\/ferretticorp.com\/en\/wp-json\/wp\/v2\/product_tag?post=15719"}],"curies":[{"name":"wp","href":"https:\/\/api.w.org\/{rel}","templated":true}]}}