{"id":16935,"date":"2019-07-01T10:59:00","date_gmt":"2019-07-01T10:59:00","guid":{"rendered":"https:\/\/ferretticorp.com\/?post_type=product&#038;p=16935"},"modified":"2021-08-24T02:23:36","modified_gmt":"2021-08-24T02:23:36","slug":"eos-plus-ducha-monocomando-con-desviador-ducha-de-mano","status":"publish","type":"product","link":"https:\/\/ferretticorp.com\/en\/productos\/eos-plus-ducha-monocomando-con-desviador-ducha-de-mano\/","title":{"rendered":"EOS Plus Ducha Monocomando con Desviador + Ducha de Mano"},"content":{"rendered":"","protected":false},"excerpt":{"rendered":"<p>Ferretti Grifer\u00eda elaborada en bronce pesado para m\u00e1xima duraci\u00f3n y con un acabado cromado de m\u00e1xima calidad.<\/p>\n<div class=\"panel-descargas\"><a href=\"#\" target=\"_blank\" rel=\"noopener noreferrer\"><button class=\"descarga-ficha\">Ficha de producto<\/button><\/a><button class=\"descarga-ficha\">Instalaci\u00f3n<\/button><a href=\"http:\/\/ferrettistore.com\/documentos\/Garantia-griferias-bano-ferretti.pdf\" target=\"_blank\" rel=\"noopener noreferrer\"><button class=\"descarga-ficha\">Garant\u00eda Ferretti<\/button><\/a><a href=\"https:\/\/shop.ferrettistore.com\/wp-content\/uploads\/2018\/05\/CONDICIONES-ADECUADAS-DE-USO-Y-MANTENIMIENTO-GRIFERIAS-CROMADAS-Y-NEGRAS-FERRETTI.pdf\"><button class=\"descarga-ficha\">Uso y mantenimiento<\/button><\/a><\/div>","protected":false},"featured_media":17004,"template":"","meta":{"inline_featured_image":false,"_themeisle_gutenberg_block_has_review":false},"product_cat":[17,23,45],"product_tag":[143,399,425,473,159],"class_list":{"0":"post-16935","1":"product","2":"type-product","3":"status-publish","4":"has-post-thumbnail","6":"product_cat-bano","7":"product_cat-griferias-de-ducha","8":"product_cat-monocomando-griferias-de-ducha","9":"product_tag-bano","10":"product_tag-ducha","11":"product_tag-ducha-mano","12":"product_tag-fa7906","13":"product_tag-griferia","14":"pa_colecciones-eos","15":"post-wrapper","17":"first","18":"instock","19":"shipping-taxable","20":"purchasable","21":"product-type-simple"},"_links":{"self":[{"href":"https:\/\/ferretticorp.com\/en\/wp-json\/wp\/v2\/product\/16935","targetHints":{"allow":["GET"]}}],"collection":[{"href":"https:\/\/ferretticorp.com\/en\/wp-json\/wp\/v2\/product"}],"about":[{"href":"https:\/\/ferretticorp.com\/en\/wp-json\/wp\/v2\/types\/product"}],"wp:featuredmedia":[{"embeddable":true,"href":"https:\/\/ferretticorp.com\/en\/wp-json\/wp\/v2\/media\/17004"}],"wp:attachment":[{"href":"https:\/\/ferretticorp.com\/en\/wp-json\/wp\/v2\/media?parent=16935"}],"wp:term":[{"taxonomy":"product_cat","embeddable":true,"href":"https:\/\/ferretticorp.com\/en\/wp-json\/wp\/v2\/product_cat?post=16935"},{"taxonomy":"product_tag","embeddable":true,"href":"https:\/\/ferretticorp.com\/en\/wp-json\/wp\/v2\/product_tag?post=16935"}],"curies":[{"name":"wp","href":"https:\/\/api.w.org\/{rel}","templated":true}]}}