{"id":17316,"date":"2021-10-04T21:13:59","date_gmt":"2021-10-04T21:13:59","guid":{"rendered":"https:\/\/ferretticorp.com\/?post_type=product&#038;p=17316"},"modified":"2021-10-04T21:14:04","modified_gmt":"2021-10-04T21:14:04","slug":"mueble-de-bano-siena-capuccino-con-tablero-de-cuarzo-blanco-y-lavatorio-empotrado-de-ceramica-ferretti-signature","status":"publish","type":"product","link":"https:\/\/ferretticorp.com\/en\/productos\/mueble-de-bano-siena-capuccino-con-tablero-de-cuarzo-blanco-y-lavatorio-empotrado-de-ceramica-ferretti-signature\/","title":{"rendered":"Mueble de Ba\u00f1o Siena Capuccino con Tablero de Cuarzo Blanco y Lavatorio Empotrado de Cer\u00e1mica Ferretti Signature"},"content":{"rendered":"","protected":false},"excerpt":{"rendered":"<p>Mueble de Ba\u00f1o Siena Capuccino con Tablero de Cuarzo Blanco y Lavatorio Empotrado de Cer\u00e1mica Ferretti Signature<\/p>\n<p><span style=\"color: #607d8b\">(El siguiente producto no incluye grifer\u00ed\u00ada)<\/span><\/p>\n<div class=\"panel-descargas\"><a href=\"https:\/\/ferretticorp.com\/documentos\/fichas-tecnicas\/bano\/muebles\/FA12705.pdf\" target=\"_blank\" rel=\"noopener noreferrer\"><button class=\"descarga-ficha\">Ficha de producto<\/button><\/a><button class=\"descarga-ficha\">Instalaci\u00f3n<\/button><a href=\"http:\/\/ferretticorp.com\/en\/documentos\/Garantia_muebles-bano.pdf\/\" target=\"_blank\" rel=\"noopener noreferrer\"><button class=\"descarga-ficha\">Garant\u00ed\u00ada Ferretti<\/button><\/a><a href=\"https:\/\/shop.ferretticorp.com\/wp-content\/uploads\/2018\/05\/CONDICIONES-ADECUADAS-DE-USO-Y-MANTENIMIENTO-MUEBLES-DE-BA\u00c3\u2018O-FERRETTI.pdf\" target=\"_blank\" rel=\"noopener noreferrer\"><button class=\"descarga-ficha\">Uso y mantenimiento<\/button><\/a><\/div>","protected":false},"featured_media":17317,"template":"","meta":{"inline_featured_image":false,"_themeisle_gutenberg_block_has_review":false},"product_cat":[17,21],"product_tag":[],"class_list":{"0":"post-17316","1":"product","2":"type-product","3":"status-publish","4":"has-post-thumbnail","6":"product_cat-bano","7":"product_cat-muebles","8":"pa_colecciones-siena","9":"post-wrapper","11":"first","12":"instock","13":"shipping-taxable","14":"purchasable","15":"product-type-simple"},"_links":{"self":[{"href":"https:\/\/ferretticorp.com\/en\/wp-json\/wp\/v2\/product\/17316","targetHints":{"allow":["GET"]}}],"collection":[{"href":"https:\/\/ferretticorp.com\/en\/wp-json\/wp\/v2\/product"}],"about":[{"href":"https:\/\/ferretticorp.com\/en\/wp-json\/wp\/v2\/types\/product"}],"wp:featuredmedia":[{"embeddable":true,"href":"https:\/\/ferretticorp.com\/en\/wp-json\/wp\/v2\/media\/17317"}],"wp:attachment":[{"href":"https:\/\/ferretticorp.com\/en\/wp-json\/wp\/v2\/media?parent=17316"}],"wp:term":[{"taxonomy":"product_cat","embeddable":true,"href":"https:\/\/ferretticorp.com\/en\/wp-json\/wp\/v2\/product_cat?post=17316"},{"taxonomy":"product_tag","embeddable":true,"href":"https:\/\/ferretticorp.com\/en\/wp-json\/wp\/v2\/product_tag?post=17316"}],"curies":[{"name":"wp","href":"https:\/\/api.w.org\/{rel}","templated":true}]}}